{"id":102,"date":"2016-09-06T08:22:03","date_gmt":"2016-09-06T12:22:03","guid":{"rendered":"http:\/\/carlosmateo.net\/bosques-urbanos\/?page_id=102"},"modified":"2017-09-13T01:29:02","modified_gmt":"2017-09-13T05:29:02","slug":"green-roofs-la-firma","status":"publish","type":"page","link":"https:\/\/bosquesurbanos.com.do\/wp\/green-roofs-la-firma\/","title":{"rendered":"Tecnolog\u00eda Moderna para Techos Verdes"},"content":{"rendered":"<p><strong>BOSQUES URBANOS<\/strong> se ha asociado con el experto internacionalmente reconocido en techos verdes <strong>J\u00d6RG BREUNING<\/strong> de<strong> GREEN ROOF SERVICES LLC<\/strong>, presenting <strong>GREEN ROOF TECHNOLOGY<\/strong>, con una experiencia inigualable de m\u00e1s de 30 a\u00f1os en el mercado de techos verdes. Puede ver sus proyectos m\u00e1s relevantes alrededor del mundo en <a href=\"http:\/\/www.greenrooftechnology.com\/\">www.greenrooftechnology.com<\/a>.<\/p>\n<p><strong>Antecedentes<\/strong><\/p>\n<p>Mientras que los Techos <strong>Verdes,<\/strong> tambi\u00e9n denominados <strong>Cubiertas Vegetales<\/strong>, han existido desde el principio de la civilizaci\u00f3n, sin embargo, no fue sino \u00a0a partir de los finales de los a\u00f1os 70 que se desarroll\u00f3 la tecnolog\u00eda para <strong>Techos Verdes Modernos<\/strong>. Hist\u00f3ricamente, los techos verdes eran estructuras cubiertas por tierra, consistentes en tejados de tepes, colinas con vac\u00edos, o jardines en los techos de patios. Lo que marca la diferencia en los <strong>Techos Verdes Modernos<\/strong> es su dise\u00f1o especializado para eficientizar su drenaje y la incorporaci\u00f3n de componentes para la protecci\u00f3n contra las ra\u00edces de las plantas, conjuntamente con un medio de cultivo ultra-liviano especialmente dise\u00f1ado para cada tipo de <strong>Techo Verde<\/strong>. Existen diferentes tipos, beneficios y est\u00e1ndares para los <strong>Techos Verdes Modernos.<\/strong><\/p>\n<p><strong>Historia<\/strong><\/p>\n<p>A inicio de los a\u00f1os setenta fue cuando en Alemania se desarrollaron y mercadearon los primeros sistemas de <strong>Techos Verdes Modernos<\/strong> a gran escala. Esta primera iniciativa ofreci\u00f3 una tecnolog\u00eda fiable que brind\u00f3 una irrigaci\u00f3n sofisticada en contra de la penetraci\u00f3n de la ra\u00edz para los jardines de terraza.<\/p>\n<p>El segundo gran paso fue el desarrollo de los <strong>Techos Verdes Extensivos<\/strong> a finales de los a\u00f1os ochenta. La meta era crear sistemas m\u00e1s livianos y econ\u00f3micos que pudieran ser aplicados a grandes tejados planos. La principal motivaci\u00f3n para los techos verdes extensivos fue la restauraci\u00f3n de la naturaleza y la protecci\u00f3n de las membranas del techo contra los elementos naturales y las fluctuaciones de temperatura.<\/p>\n<p>A medida en que los techos verdes extensivos se convirtieron en temas en las investigaciones cient\u00edficas, beneficios adicionales comenzaron a tomar importancia. Hoy en d\u00eda, beneficios ecol\u00f3gicos tales como el consumo reducido de energ\u00eda para el calentamiento y enfriamiento, retenci\u00f3n del agua de lluvia, y la mitigaci\u00f3n del efecto isla-calor son las razones principales para el popular crecimiento de los <strong>Techos Verdes Modernos.<\/strong><\/p>\n<p><strong>Beneficios<\/strong><\/p>\n<ul>\n<li>Si son dise\u00f1ados y ejecutados apropiadamente, los <strong>Techos Verdes Modernos<\/strong> ofrecen beneficios m\u00faltiples y tangibles, no solo para la estructura del edificio mismo, pero adem\u00e1s para el medio ambiente y comunidad;<\/li>\n<li>Extiende la vida del techo hasta 60 a\u00f1os, a trav\u00e9s de la protecci\u00f3n de los rayos UV del sol;<\/li>\n<li>Reduce las temperaturas ambientales, internas y externas, reduciendo los costos de energ\u00eda por climatizaci\u00f3n;<\/li>\n<li>Filtra las aguas de lluvia, reduciendo la contaminaci\u00f3n de nitr\u00f3geno en nuestros r\u00edos y costas;<\/li>\n<li>Retiene hasta un 90% del agua de lluvia;<\/li>\n<li>Combate el efecto isla-calor a trav\u00e9s de la evo-transpiraci\u00f3n;<\/li>\n<li>Ofrece hasta 15 cr\u00e9ditos LEED;<\/li>\n<li>Secuestra el mon\u00f3xido de carbono;<\/li>\n<li>Mejora la contaminaci\u00f3n visual del entorno;<\/li>\n<li>Crea h\u00e1bitats para especies nativas y la biodiversidad.<\/li>\n<\/ul>\n<p><strong>Sistemas de Techos Verdes<\/strong><\/p>\n<p>Ning\u00fan proyecto de <strong>Techo Verde<\/strong> es igual a otro, y es por esa raz\u00f3n es que los proyectos necesitan ser adecuados a las necesidades espec\u00edficas del techo, la ubicaci\u00f3n, el clima y el medio ambiente. Para conocer sobre los diferentes sistemas de techos verdes disponibles pulse aqu\u00ed, <a href=\"http:\/\/bosquesurbanos.com.do\/wp\/wp-content\/uploads\/2017\/03\/Green-Roof-System-PDF-Download.pdf\">download our technical data sheet<\/a>.<\/p>","protected":false},"excerpt":{"rendered":"<p>BOSQUES URBANOS se ha asociado con el experto internacionalmente reconocido en techos verdes J\u00d6RG BREUNING de GREEN ROOF SERVICES LLC, presenting GREEN ROOF TECHNOLOGY, con una experiencia inigualable de m\u00e1s de 30 a\u00f1os en el mercado de techos verdes. Puede ver sus proyectos m\u00e1s relevantes alrededor del mundo en www.greenrooftechnology.com. Antecedentes Mientras que los Techos [&hellip;]<\/p>\n","protected":false},"author":2,"featured_media":0,"parent":0,"menu_order":15,"comment_status":"closed","ping_status":"closed","template":"","meta":{"footnotes":""},"class_list":["post-102","page","type-page","status-publish","hentry"],"_links":{"self":[{"href":"https:\/\/bosquesurbanos.com.do\/wp\/wp-json\/wp\/v2\/pages\/102","targetHints":{"allow":["GET"]}}],"collection":[{"href":"https:\/\/bosquesurbanos.com.do\/wp\/wp-json\/wp\/v2\/pages"}],"about":[{"href":"https:\/\/bosquesurbanos.com.do\/wp\/wp-json\/wp\/v2\/types\/page"}],"author":[{"embeddable":true,"href":"https:\/\/bosquesurbanos.com.do\/wp\/wp-json\/wp\/v2\/users\/2"}],"replies":[{"embeddable":true,"href":"https:\/\/bosquesurbanos.com.do\/wp\/wp-json\/wp\/v2\/comments?post=102"}],"version-history":[{"count":30,"href":"https:\/\/bosquesurbanos.com.do\/wp\/wp-json\/wp\/v2\/pages\/102\/revisions"}],"predecessor-version":[{"id":739,"href":"https:\/\/bosquesurbanos.com.do\/wp\/wp-json\/wp\/v2\/pages\/102\/revisions\/739"}],"wp:attachment":[{"href":"https:\/\/bosquesurbanos.com.do\/wp\/wp-json\/wp\/v2\/media?parent=102"}],"curies":[{"name":"wp","href":"https:\/\/api.w.org\/{rel}","templated":true}]}}